{"id":26,"date":"2022-03-17T20:14:15","date_gmt":"2022-03-18T01:14:15","guid":{"rendered":"https:\/\/armijosromero.com.ec\/?page_id=26"},"modified":"2022-07-27T15:47:16","modified_gmt":"2022-07-27T20:47:16","slug":"transporte","status":"publish","type":"page","link":"https:\/\/armijosromero.com.ec\/index.php\/servicios\/transporte\/","title":{"rendered":"Transporte"},"content":{"rendered":"<div class=\"divider_padding\"><\/div>\n<div class=\"one_half\"><p>&nbsp;<\/p>\n<p class=\"responsive_text\" data-compression=\"10\" data-max=\"20\" style=\"line-height:1em\">\n<\/p><h4 align=\"justify\">Nuestras entregas las ejecutamos en nuestra flota propia, la cual est\u00e1 compuesta por equipos de proporciones y dimensiones variadas, tomando en consideraci\u00f3n factores como accesibilidad y capacidad de recibo de nuestros clientes, y llegando a puntos de venta localizados tanto en las \u00e1reas m\u00e1s pobladas como en \u00e1reas de dif\u00edcil acceso. La planificaci\u00f3n de entrega es actualmente de manera manual donde el personal de log\u00edstica coordina y genera soluciones \u00f3ptimas para las entregas a tiempo, a futuro la planificaci\u00f3n de entrega ser\u00e1 generada por soluciones tecnol\u00f3gicas de punta que contar\u00e1 con mediciones sistem\u00e1ticas de nuestras rutas de entrega para obtener mayor eficiencia.<\/h4>\n<p align=\"justify\"><\/p><\/div> <div class=\"one_half last\"><p align=\"justify\"><\/p><div class=\"divider_padding\"><\/div>\n<p><noscript><img fetchpriority=\"high\" decoding=\"async\" class=\"alignnone wp-image-446 size-large\" src=\"https:\/\/armijosromero.com.ec\/wp-content\/uploads\/2022\/05\/Asset-4@2x-1024x639.png\" alt width=\"1024\" height=\"639\" srcset=\"https:\/\/armijosromero.com.ec\/wp-content\/uploads\/2022\/05\/Asset-4@2x-1024x639.png 1024w, https:\/\/armijosromero.com.ec\/wp-content\/uploads\/2022\/05\/Asset-4@2x-300x187.png 300w, https:\/\/armijosromero.com.ec\/wp-content\/uploads\/2022\/05\/Asset-4@2x-768x479.png 768w, https:\/\/armijosromero.com.ec\/wp-content\/uploads\/2022\/05\/Asset-4@2x-1536x958.png 1536w, https:\/\/armijosromero.com.ec\/wp-content\/uploads\/2022\/05\/Asset-4@2x-2048x1277.png 2048w, https:\/\/armijosromero.com.ec\/wp-content\/uploads\/2022\/05\/Asset-4@2x-500x312.png 500w, https:\/\/armijosromero.com.ec\/wp-content\/uploads\/2022\/05\/Asset-4@2x-800x499.png 800w, https:\/\/armijosromero.com.ec\/wp-content\/uploads\/2022\/05\/Asset-4@2x-1280x798.png 1280w, https:\/\/armijosromero.com.ec\/wp-content\/uploads\/2022\/05\/Asset-4@2x-1920x1197.png 1920w\" sizes=\"(max-width: 1024px) 100vw, 1024px\"><\/noscript><img fetchpriority=\"high\" decoding=\"async\" class=\"alignnone wp-image-446 size-large lazyload\" src=\"data:image\/svg+xml,%3Csvg%20xmlns%3D%22http%3A%2F%2Fwww.w3.org%2F2000%2Fsvg%22%20viewBox%3D%220%200%201024%20639%22%3E%3C%2Fsvg%3E\" alt width=\"1024\" height=\"639\" srcset=\"data:image\/svg+xml,%3Csvg%20xmlns%3D%22http%3A%2F%2Fwww.w3.org%2F2000%2Fsvg%22%20viewBox%3D%220%200%201024%20639%22%3E%3C%2Fsvg%3E 1024w\" sizes=\"(max-width: 1024px) 100vw, 1024px\" data-srcset=\"https:\/\/armijosromero.com.ec\/wp-content\/uploads\/2022\/05\/Asset-4@2x-1024x639.png 1024w, https:\/\/armijosromero.com.ec\/wp-content\/uploads\/2022\/05\/Asset-4@2x-300x187.png 300w, https:\/\/armijosromero.com.ec\/wp-content\/uploads\/2022\/05\/Asset-4@2x-768x479.png 768w, https:\/\/armijosromero.com.ec\/wp-content\/uploads\/2022\/05\/Asset-4@2x-1536x958.png 1536w, https:\/\/armijosromero.com.ec\/wp-content\/uploads\/2022\/05\/Asset-4@2x-2048x1277.png 2048w, https:\/\/armijosromero.com.ec\/wp-content\/uploads\/2022\/05\/Asset-4@2x-500x312.png 500w, https:\/\/armijosromero.com.ec\/wp-content\/uploads\/2022\/05\/Asset-4@2x-800x499.png 800w, https:\/\/armijosromero.com.ec\/wp-content\/uploads\/2022\/05\/Asset-4@2x-1280x798.png 1280w, https:\/\/armijosromero.com.ec\/wp-content\/uploads\/2022\/05\/Asset-4@2x-1920x1197.png 1920w\" data-src=\"https:\/\/armijosromero.com.ec\/wp-content\/uploads\/2022\/05\/Asset-4@2x-1024x639.png\" loading=\"lazy\"><\/p>\n<p align=\"justify\"><\/p><\/div><div class=\"clearboth\"><\/div>\n<div class=\"divider_padding\"><\/div>\n\n","protected":false},"excerpt":{"rendered":"","protected":false},"author":1,"featured_media":0,"parent":20,"menu_order":0,"comment_status":"closed","ping_status":"closed","template":"template_fullwidth.php","meta":{"_vp_format_video_url":"","_vp_image_focal_point":[],"footnotes":""},"class_list":["post-26","page","type-page","status-publish","hentry"],"_links":{"self":[{"href":"https:\/\/armijosromero.com.ec\/index.php\/wp-json\/wp\/v2\/pages\/26","targetHints":{"allow":["GET"]}}],"collection":[{"href":"https:\/\/armijosromero.com.ec\/index.php\/wp-json\/wp\/v2\/pages"}],"about":[{"href":"https:\/\/armijosromero.com.ec\/index.php\/wp-json\/wp\/v2\/types\/page"}],"author":[{"embeddable":true,"href":"https:\/\/armijosromero.com.ec\/index.php\/wp-json\/wp\/v2\/users\/1"}],"replies":[{"embeddable":true,"href":"https:\/\/armijosromero.com.ec\/index.php\/wp-json\/wp\/v2\/comments?post=26"}],"version-history":[{"count":17,"href":"https:\/\/armijosromero.com.ec\/index.php\/wp-json\/wp\/v2\/pages\/26\/revisions"}],"predecessor-version":[{"id":1254,"href":"https:\/\/armijosromero.com.ec\/index.php\/wp-json\/wp\/v2\/pages\/26\/revisions\/1254"}],"up":[{"embeddable":true,"href":"https:\/\/armijosromero.com.ec\/index.php\/wp-json\/wp\/v2\/pages\/20"}],"wp:attachment":[{"href":"https:\/\/armijosromero.com.ec\/index.php\/wp-json\/wp\/v2\/media?parent=26"}],"curies":[{"name":"wp","href":"https:\/\/api.w.org\/{rel}","templated":true}]}}